{"id":100,"date":"2021-08-24T10:32:14","date_gmt":"2021-08-24T10:32:14","guid":{"rendered":"http:\/\/www.pelecanus.cz\/?page_id=100"},"modified":"2021-08-30T13:57:49","modified_gmt":"2021-08-30T13:57:49","slug":"chcete-pomoct","status":"publish","type":"page","link":"https:\/\/www.pelecanus.cz\/index.php\/chcete-pomoct\/","title":{"rendered":"Chcete nab\u00eddnout pomoc?"},"content":{"rendered":"\n<div class=\"wp-block-media-text alignwide is-stacked-on-mobile\" style=\"grid-template-columns:20% auto\"><figure class=\"wp-block-media-text__media\"><img loading=\"lazy\" width=\"1024\" height=\"1024\" src=\"http:\/\/www.pelecanus.cz\/wp-content\/uploads\/2021\/08\/pelecanus-logo-1024x1024.jpg\" alt=\"\" class=\"wp-image-105\"\/><\/figure><div class=\"wp-block-media-text__content\">\n<div class=\"wp-block-image\"><figure class=\"alignright is-resized\"><img loading=\"lazy\" src=\"https:\/\/upload.wikimedia.org\/wikipedia\/commons\/thumb\/2\/27\/Red_heart_tw.svg\/1280px-Red_heart_tw.svg.png\" alt=\"File:Red heart tw.svg - Wikimedia Commons\" width=\"77\" height=\"59\"\/><figcaption><strong><span class=\"has-inline-color has-vivid-red-color\">V\u0161echny p\u0159\u00edsp\u011bvky do koruny p\u0159ed\u00e1me pot\u0159ebn\u00fdm!<\/span><\/strong><\/figcaption><\/figure><\/div>\n\n\n\n<p style=\"font-size:15px\">kontaktujte n\u00e1s na e-mailu:       <\/p>\n\n\n\n<p style=\"font-size:15px\"><strong><a href=\"mailto:lucie.matznerova@pelecanus.cz\">lucie.matznerova@pelecanus.c<\/a>z<\/strong><\/p>\n<\/div><\/div>\n\n\n\n<div class=\"wp-block-media-text alignwide is-stacked-on-mobile is-vertically-aligned-center\" style=\"grid-template-columns:20% auto\"><figure class=\"wp-block-media-text__media\"><img loading=\"lazy\" width=\"1024\" height=\"1024\" src=\"http:\/\/www.pelecanus.cz\/wp-content\/uploads\/2021\/08\/pelecanus-logo-1024x1024.jpg\" alt=\"\" class=\"wp-image-105\"\/><\/figure><div class=\"wp-block-media-text__content\">\n<p style=\"font-size:15px\">M\u016f\u017eete si vybrat z na\u0161ich aktu\u00e1ln\u00edch projekt\u016f nebo n\u00e1m doporu\u010dit projekt, kter\u00e9ho byste se cht\u011bli \u00fa\u010dastnit.<\/p>\n<\/div><\/div>\n\n\n\n<div class=\"wp-block-media-text alignwide is-stacked-on-mobile is-vertically-aligned-center\" style=\"grid-template-columns:20% auto\"><figure class=\"wp-block-media-text__media\"><img loading=\"lazy\" width=\"1024\" height=\"1024\" src=\"http:\/\/www.pelecanus.cz\/wp-content\/uploads\/2021\/08\/pelecanus-logo-1024x1024.jpg\" alt=\"\" class=\"wp-image-105\"\/><\/figure><div class=\"wp-block-media-text__content\">\n<p style=\"font-size:15px\"><strong>M\u016f\u017eete si vybrat formu pomoci <\/strong><\/p>\n\n\n\n<ul><li><strong>finan\u010dn\u00ed<\/strong>&nbsp;&#8211; na z\u00e1klad\u011b darovac\u00ed&nbsp; &nbsp;smlouvy<\/li><li><strong>hmotn\u00e1&nbsp;<\/strong>&#8211; po\u0159\u00edzen\u00ed nap\u0159. zdravotn\u00edch pom\u016fcek, vybaven\u00ed ap.<\/li><li><strong>nehmotn\u00e1<\/strong>&nbsp;&#8211; ve form\u011b slu\u017eeb \u010di poradenstv\u00ed zdarma<\/li><\/ul>\n\n\n\n<p><\/p>\n<\/div><\/div>\n\n\n\n<div class=\"wp-block-media-text alignwide is-stacked-on-mobile is-vertically-aligned-center\" style=\"grid-template-columns:20% auto\"><figure class=\"wp-block-media-text__media\"><img loading=\"lazy\" width=\"1024\" height=\"1024\" src=\"http:\/\/www.pelecanus.cz\/wp-content\/uploads\/2021\/08\/pelecanus-logo-1024x1024.jpg\" alt=\"\" class=\"wp-image-105\"\/><\/figure><div class=\"wp-block-media-text__content\">\n<p style=\"font-size:15px\"><strong>Co m\u016f\u017eeme nab\u00eddnout?<\/strong><\/p>\n\n\n\n<ul id=\"block-e95117e4-e1a8-4a7b-9e6a-07b187ede0bb\"><li>Um\u00edst\u011bn\u00ed Va\u0161eho loga na hlavn\u00ed str\u00e1nce<\/li><li>Va\u0161i informovanost, komu byla Va\u0161e pomoc poskytnuta<\/li><li>Potvrzen\u00ed o v\u00fd\u0161i daru pro da\u0148ov\u00e9 \u00fa\u010dely<\/li><\/ul>\n\n\n\n<p><\/p>\n<\/div><\/div>\n","protected":false},"excerpt":{"rendered":"<p>M\u016f\u017eete si vybrat z na\u0161ich aktu\u00e1ln\u00edch projekt\u016f nebo n\u00e1m doporu\u010dit projekt, kter\u00e9ho byste se cht\u011bli \u00fa\u010dastnit. M\u016f\u017eete si vybrat formu pomoci finan\u010dn\u00ed&nbsp;&#8211; na z\u00e1klad\u011b darovac\u00ed&nbsp; &nbsp;smlouvy hmotn\u00e1&nbsp;&#8211; po\u0159\u00edzen\u00ed nap\u0159. zdravotn\u00edch pom\u016fcek, vybaven\u00ed ap. nehmotn\u00e1&nbsp;&#8211; ve form\u011b slu\u017eeb \u010di poradenstv\u00ed zdarma Co m\u016f\u017eeme nab\u00eddnout? Um\u00edst\u011bn\u00ed Va\u0161eho loga na hlavn\u00ed str\u00e1nce Va\u0161i informovanost, komu byla Va\u0161e pomoc &hellip; <\/p>\n<p class=\"link-more\"><a href=\"https:\/\/www.pelecanus.cz\/index.php\/chcete-pomoct\/\" class=\"more-link\">Pokra\u010dovat ve \u010dten\u00ed<span class=\"screen-reader-text\"> &#8222;Chcete nab\u00eddnout pomoc?&#8220;<\/span><\/a><\/p>\n","protected":false},"author":3,"featured_media":0,"parent":0,"menu_order":0,"comment_status":"closed","ping_status":"closed","template":"","meta":[],"_links":{"self":[{"href":"https:\/\/www.pelecanus.cz\/index.php\/wp-json\/wp\/v2\/pages\/100"}],"collection":[{"href":"https:\/\/www.pelecanus.cz\/index.php\/wp-json\/wp\/v2\/pages"}],"about":[{"href":"https:\/\/www.pelecanus.cz\/index.php\/wp-json\/wp\/v2\/types\/page"}],"author":[{"embeddable":true,"href":"https:\/\/www.pelecanus.cz\/index.php\/wp-json\/wp\/v2\/users\/3"}],"replies":[{"embeddable":true,"href":"https:\/\/www.pelecanus.cz\/index.php\/wp-json\/wp\/v2\/comments?post=100"}],"version-history":[{"count":19,"href":"https:\/\/www.pelecanus.cz\/index.php\/wp-json\/wp\/v2\/pages\/100\/revisions"}],"predecessor-version":[{"id":329,"href":"https:\/\/www.pelecanus.cz\/index.php\/wp-json\/wp\/v2\/pages\/100\/revisions\/329"}],"wp:attachment":[{"href":"https:\/\/www.pelecanus.cz\/index.php\/wp-json\/wp\/v2\/media?parent=100"}],"curies":[{"name":"wp","href":"https:\/\/api.w.org\/{rel}","templated":true}]}}