{"id":194,"date":"2021-08-30T07:37:10","date_gmt":"2021-08-30T07:37:10","guid":{"rendered":"http:\/\/www.pelecanus.cz\/?page_id=194"},"modified":"2025-01-08T17:10:04","modified_gmt":"2025-01-08T17:10:04","slug":"kdo-pomaha-s-nami","status":"publish","type":"page","link":"https:\/\/www.pelecanus.cz\/index.php\/kdo-pomaha-s-nami\/","title":{"rendered":"Kdo pom\u00e1h\u00e1 s n\u00e1mi?"},"content":{"rendered":"\n<div class=\"wp-block-image\"><figure class=\"alignleft size-large is-resized\"><img loading=\"lazy\" src=\"http:\/\/www.pelecanus.cz\/wp-content\/uploads\/2021\/08\/pelecanus-logo-1024x1024.jpg\" alt=\"\" class=\"wp-image-105\" width=\"95\" height=\"95\"\/><\/figure><\/div>\n\n\n\n<p style=\"font-size:14px\"><strong>RESPEKT v\u016f\u010di v\u0161em, kte\u0159\u00ed pom\u00e1haj\u00ed a pod\u00edlej\u00ed se na zlep\u0161ov\u00e1n\u00ed kvality \u017eivota ostatn\u00edch!<\/strong>  <strong>\u017d\u00e1dn\u00e1 pomoc nen\u00ed mal\u00e1..<\/strong><\/p>\n\n\n\n<p style=\"font-size:23px\">                                     <\/p>\n\n\n\n<p class=\"has-text-align-center has-normal-font-size\">   <strong>202<\/strong>4<\/p>\n\n\n\n<figure class=\"wp-block-image size-large is-resized\"><img loading=\"lazy\" src=\"http:\/\/www.pelecanus.cz\/wp-content\/uploads\/2021\/11\/matzner-logo-2.jpg\" alt=\"\" class=\"wp-image-392\" width=\"170\" height=\"113\" srcset=\"https:\/\/www.pelecanus.cz\/wp-content\/uploads\/2021\/11\/matzner-logo-2.jpg 875w, https:\/\/www.pelecanus.cz\/wp-content\/uploads\/2021\/11\/matzner-logo-2-300x200.jpg 300w, https:\/\/www.pelecanus.cz\/wp-content\/uploads\/2021\/11\/matzner-logo-2-768x512.jpg 768w\" sizes=\"(max-width: 170px) 100vw, 170px\" \/><\/figure>\n\n\n\n<figure class=\"wp-block-image size-large is-resized\"><img loading=\"lazy\" src=\"http:\/\/www.pelecanus.cz\/wp-content\/uploads\/2024\/10\/empira-1-1.png\" alt=\"\" class=\"wp-image-591\" width=\"231\" height=\"46\" srcset=\"https:\/\/www.pelecanus.cz\/wp-content\/uploads\/2024\/10\/empira-1-1.png 410w, https:\/\/www.pelecanus.cz\/wp-content\/uploads\/2024\/10\/empira-1-1-300x59.png 300w\" sizes=\"(max-width: 231px) 100vw, 231px\" \/><\/figure>\n\n\n\n<figure class=\"wp-block-image size-large is-resized\"><img loading=\"lazy\" src=\"http:\/\/www.pelecanus.cz\/wp-content\/uploads\/2024\/10\/energocentrum.png\" alt=\"\" class=\"wp-image-560\" width=\"199\" height=\"59\"\/><\/figure>\n\n\n\n<figure class=\"wp-block-image size-large is-resized\"><img loading=\"lazy\" src=\"http:\/\/www.pelecanus.cz\/wp-content\/uploads\/2024\/10\/PDC-1.png\" alt=\"\" class=\"wp-image-569\" width=\"148\" height=\"148\" srcset=\"https:\/\/www.pelecanus.cz\/wp-content\/uploads\/2024\/10\/PDC-1.png 225w, https:\/\/www.pelecanus.cz\/wp-content\/uploads\/2024\/10\/PDC-1-150x150.png 150w, https:\/\/www.pelecanus.cz\/wp-content\/uploads\/2024\/10\/PDC-1-100x100.png 100w\" sizes=\"(max-width: 148px) 100vw, 148px\" \/><\/figure>\n\n\n\n<figure class=\"wp-block-image size-large is-resized\"><img loading=\"lazy\" src=\"http:\/\/www.pelecanus.cz\/wp-content\/uploads\/2023\/10\/okhp.png\" alt=\"\" class=\"wp-image-532\" width=\"229\" height=\"92\" srcset=\"https:\/\/www.pelecanus.cz\/wp-content\/uploads\/2023\/10\/okhp.png 329w, https:\/\/www.pelecanus.cz\/wp-content\/uploads\/2023\/10\/okhp-300x120.png 300w\" sizes=\"(max-width: 229px) 100vw, 229px\" \/><\/figure>\n\n\n\n<div class=\"wp-block-media-text alignwide is-stacked-on-mobile\" style=\"grid-template-columns:21% auto\"><figure class=\"wp-block-media-text__media\"><img loading=\"lazy\" width=\"225\" height=\"225\" src=\"http:\/\/www.pelecanus.cz\/wp-content\/uploads\/2021\/08\/image.png\" alt=\"\" class=\"wp-image-200\" srcset=\"https:\/\/www.pelecanus.cz\/wp-content\/uploads\/2021\/08\/image.png 225w, https:\/\/www.pelecanus.cz\/wp-content\/uploads\/2021\/08\/image-150x150.png 150w, https:\/\/www.pelecanus.cz\/wp-content\/uploads\/2021\/08\/image-100x100.png 100w\" sizes=\"(max-width: 225px) 100vw, 225px\" \/><\/figure><div class=\"wp-block-media-text__content\">\n<p><\/p>\n\n\n\n<p class=\"has-large-font-size\">Flaming Ridge, s.r.o.<\/p>\n\n\n\n<p><\/p>\n\n\n\n<p><\/p>\n\n\n\n<p><strong>rodina Epstein\u016f, p. Z\u00e1le\u0161\u00e1kov\u00e1, p. Chr\u00e1steck\u00fd, p. Vole\u0161ov\u00e1, p. Hlinka, p. Ka\u0161e, p.Pr\u00e1gerov\u00e1, p. Kratochv\u00edl, p. V\u00edtek, sl. Luxov\u00e1, p. Tylov\u00e1, p. K.Matzner, p. Michal, p. Vl\u00e1\u010dil, p. Vin\u0161ov\u00e1, p. Jur\u00e1skov\u00e1, p. Oplt, p. N\u011bmec, p. Cech, zam\u011bstnanci spol. NESS<\/strong><\/p>\n<\/div><\/div>\n\n\n\n<p class=\"has-text-align-center has-normal-font-size\">   <strong>2023<\/strong><\/p>\n\n\n\n<figure class=\"wp-block-image size-large is-resized\"><img loading=\"lazy\" src=\"http:\/\/www.pelecanus.cz\/wp-content\/uploads\/2021\/11\/matzner-logo-2.jpg\" alt=\"\" class=\"wp-image-392\" width=\"170\" height=\"113\" srcset=\"https:\/\/www.pelecanus.cz\/wp-content\/uploads\/2021\/11\/matzner-logo-2.jpg 875w, https:\/\/www.pelecanus.cz\/wp-content\/uploads\/2021\/11\/matzner-logo-2-300x200.jpg 300w, https:\/\/www.pelecanus.cz\/wp-content\/uploads\/2021\/11\/matzner-logo-2-768x512.jpg 768w\" sizes=\"(max-width: 170px) 100vw, 170px\" \/><\/figure>\n\n\n\n<figure class=\"wp-block-image size-large is-resized\"><img loading=\"lazy\" src=\"https:\/\/www.pelecanus.cz\/wp-content\/uploads\/2023\/10\/logo-arbes-1.png\" alt=\"\" class=\"wp-image-527\" width=\"183\" height=\"98\" srcset=\"https:\/\/www.pelecanus.cz\/wp-content\/uploads\/2023\/10\/logo-arbes-1.png 307w, https:\/\/www.pelecanus.cz\/wp-content\/uploads\/2023\/10\/logo-arbes-1-300x160.png 300w\" sizes=\"(max-width: 183px) 100vw, 183px\" \/><\/figure>\n\n\n\n<div class=\"wp-block-group\"><div class=\"wp-block-group__inner-container\">\n<p class=\"has-text-align-left\" style=\"font-size:14px\"><strong>Marek a Eli\u0161ka Epsteinovi<\/strong><\/p>\n\n\n\n<p class=\"has-text-align-left\" style=\"font-size:14px\"><strong>David Bauer<\/strong><\/p>\n\n\n\n<p style=\"font-size:14px\"><strong>Miroslava Z\u00e1le\u0161\u00e1kov\u00e1<\/strong><\/p>\n\n\n\n<p><\/p>\n\n\n\n<p><\/p>\n\n\n\n<p class=\"has-text-align-center has-normal-font-size\"><strong>2022<\/strong><\/p>\n<\/div><\/div>\n\n\n\n<p class=\"has-text-align-left has-normal-font-size\">                                                                <\/p>\n\n\n\n<figure class=\"wp-block-image size-large is-resized\"><img loading=\"lazy\" src=\"https:\/\/www.pelecanus.cz\/wp-content\/uploads\/2022\/03\/Obrazek4.png\" alt=\"\" class=\"wp-image-432\" width=\"264\" height=\"148\" srcset=\"https:\/\/www.pelecanus.cz\/wp-content\/uploads\/2022\/03\/Obrazek4.png 605w, https:\/\/www.pelecanus.cz\/wp-content\/uploads\/2022\/03\/Obrazek4-300x169.png 300w\" sizes=\"(max-width: 264px) 100vw, 264px\" \/><figcaption><strong>V roce 2022 se uk\u00e1zala velk\u00e1 solidarita s uprchl\u00edky z Ukrajiny a pod\u011bkov\u00e1n\u00ed pat\u0159ilo v\u0161em, kte\u0159\u00ed p\u0159isp\u011bli prost\u0159ednictv\u00edm na\u0161eho fondu na ubytov\u00e1n\u00ed rodin v Karlovarsk\u00e9m kraji:<\/strong>   <\/figcaption><\/figure>\n\n\n\n<p>                                     <\/p>\n\n\n\n<div class=\"wp-block-group\"><div class=\"wp-block-group__inner-container\">\n<p class=\"has-text-align-right\" style=\"line-height:1.5;font-size:12px\">                                          <strong>    <\/strong><\/p>\n\n\n\n<p style=\"font-size:14px\"><strong>Marek Sattler, Vladim\u00edr Chr\u00e1steck\u00fd, Tereza Rychta\u0159\u00edkov\u00e1, Marek a Eli\u0161ka Epsteinovi, Miroslava Z\u00e1le\u0161\u00e1kov\u00e1, Ing. Martin Silvi\u010d, Radek Porazil, Eva Mazurkov\u00e1, Ing. \u0160tefan Ku\u0161n\u00edr, V\u011bra Tesa\u0159ov\u00e1, Petr Arp\u00e1\u0161, Ji\u0159\u00ed Jansta, Vladim\u00edr Ko\u010dur, Sandra Masatov\u00e1, Tade\u00e1\u0161 Svoboda, Jarmila Vin\u0161ov\u00e1, Veronika Andrejsko, Milu\u0161e Kusynov\u00e1, Mgr. Michal \u0158eh\u00e1k<\/strong>, <strong>Ing. Ji\u0159\u00ed \u017d\u016frek, Petr Arp\u00e1\u0161, Ji\u0159\u00ed Jansta, Vladim\u00edr Ko\u010dur, <\/strong><\/p>\n\n\n\n<div class=\"wp-block-media-text alignwide is-stacked-on-mobile\" style=\"grid-template-columns:26% auto\"><figure class=\"wp-block-media-text__media\"><img loading=\"lazy\" width=\"216\" height=\"72\" src=\"https:\/\/www.pelecanus.cz\/wp-content\/uploads\/2022\/03\/Intras-3.jpg\" alt=\"\" class=\"wp-image-458\"\/><\/figure><div class=\"wp-block-media-text__content\">\n<p style=\"font-size:14px\"><strong>JUDr. Pavel \u0160varc, Mgr. Martina \u0160varcov\u00e1<\/strong><\/p>\n<\/div><\/div>\n\n\n\n<figure class=\"wp-block-image size-large is-resized\"><img loading=\"lazy\" src=\"http:\/\/www.pelecanus.cz\/wp-content\/uploads\/2021\/08\/image-3.png\" alt=\"\" class=\"wp-image-207\" width=\"99\" height=\"99\" srcset=\"https:\/\/www.pelecanus.cz\/wp-content\/uploads\/2021\/08\/image-3.png 225w, https:\/\/www.pelecanus.cz\/wp-content\/uploads\/2021\/08\/image-3-150x150.png 150w, https:\/\/www.pelecanus.cz\/wp-content\/uploads\/2021\/08\/image-3-100x100.png 100w\" sizes=\"(max-width: 99px) 100vw, 99px\" \/><\/figure>\n<\/div><\/div>\n\n\n\n<figure class=\"wp-block-image size-large is-resized\"><img loading=\"lazy\" src=\"https:\/\/www.pelecanus.cz\/wp-content\/uploads\/2023\/10\/Obrazek3-ioof.png\" alt=\"\" class=\"wp-image-530\" width=\"153\" height=\"86\"\/><\/figure>\n\n\n\n<p class=\"has-text-align-left\" style=\"font-size:14px\"><strong>Pod\u011bkov\u00e1n\u00ed pat\u0159\u00ed v\u0161em, kte\u0159\u00ed pom\u00e1haj\u00ed v ostatn\u00edch projektech tam, kde je to zapot\u0159eb\u00ed:<\/strong>              <\/p>\n\n\n\n<figure class=\"wp-block-image size-large is-resized\"><img loading=\"lazy\" src=\"https:\/\/www.pelecanus.cz\/wp-content\/uploads\/2023\/10\/Obrazek1.png\" alt=\"\" class=\"wp-image-529\" width=\"166\" height=\"92\"\/><\/figure>\n\n\n\n<figure class=\"wp-block-image size-large is-resized\"><img loading=\"lazy\" src=\"http:\/\/www.pelecanus.cz\/wp-content\/uploads\/2021\/11\/matzner-logo-2.jpg\" alt=\"\" class=\"wp-image-392\" width=\"154\" height=\"102\" srcset=\"https:\/\/www.pelecanus.cz\/wp-content\/uploads\/2021\/11\/matzner-logo-2.jpg 875w, https:\/\/www.pelecanus.cz\/wp-content\/uploads\/2021\/11\/matzner-logo-2-300x200.jpg 300w, https:\/\/www.pelecanus.cz\/wp-content\/uploads\/2021\/11\/matzner-logo-2-768x512.jpg 768w\" sizes=\"(max-width: 154px) 100vw, 154px\" \/><\/figure>\n\n\n\n<p class=\"has-text-align-left\" style=\"font-size:14px\">                                                                                                                                                                                   <\/p>\n\n\n\n<div class=\"wp-block-group\"><div class=\"wp-block-group__inner-container\">\n<div class=\"wp-block-columns\">\n<div class=\"wp-block-column\">\n<figure class=\"wp-block-image is-resized\"><img loading=\"lazy\" src=\"https:\/\/upload.wikimedia.org\/wikipedia\/commons\/thumb\/2\/27\/Red_heart_tw.svg\/1280px-Red_heart_tw.svg.png\" alt=\"File:Red heart tw.svg - Wikimedia Commons\" width=\"73\" height=\"54\"\/><figcaption><strong>Vladim\u00edr Chr\u00e1steck\u00fd<\/strong><\/figcaption><\/figure>\n\n\n\n<figure class=\"wp-block-image is-resized\"><img loading=\"lazy\" src=\"https:\/\/upload.wikimedia.org\/wikipedia\/commons\/thumb\/2\/27\/Red_heart_tw.svg\/1280px-Red_heart_tw.svg.png\" alt=\"File:Red heart tw.svg - Wikimedia Commons\" width=\"79\" height=\"60\"\/><figcaption><strong>David Bauer<\/strong><\/figcaption><\/figure>\n\n\n\n<figure class=\"wp-block-image is-resized\"><img loading=\"lazy\" src=\"https:\/\/upload.wikimedia.org\/wikipedia\/commons\/thumb\/2\/27\/Red_heart_tw.svg\/1280px-Red_heart_tw.svg.png\" alt=\"File:Red heart tw.svg - Wikimedia Commons\" width=\"79\" height=\"73\"\/><figcaption><strong>Miroslava Z\u00e1le\u0161\u00e1kov\u00e1<\/strong><\/figcaption><\/figure>\n\n\n\n<figure class=\"wp-block-image is-resized\"><img loading=\"lazy\" src=\"https:\/\/upload.wikimedia.org\/wikipedia\/commons\/thumb\/2\/27\/Red_heart_tw.svg\/1280px-Red_heart_tw.svg.png\" alt=\"File:Red heart tw.svg - Wikimedia Commons\" width=\"68\" height=\"63\"\/><figcaption><strong>Pavl\u00edna Jan\u00edkov\u00e1<\/strong><\/figcaption><\/figure>\n\n\n\n<figure class=\"wp-block-image is-resized\"><img loading=\"lazy\" src=\"https:\/\/upload.wikimedia.org\/wikipedia\/commons\/thumb\/2\/27\/Red_heart_tw.svg\/1280px-Red_heart_tw.svg.png\" alt=\"File:Red heart tw.svg - Wikimedia Commons\" width=\"71\" height=\"53\"\/><figcaption><strong>Petra Markov\u00e1<\/strong><\/figcaption><\/figure>\n<\/div>\n\n\n\n<div class=\"wp-block-column\">\n<div class=\"wp-block-image\"><figure class=\"alignleft is-resized\"><img loading=\"lazy\" src=\"https:\/\/upload.wikimedia.org\/wikipedia\/commons\/thumb\/2\/27\/Red_heart_tw.svg\/1280px-Red_heart_tw.svg.png\" alt=\"File:Red heart tw.svg - Wikimedia Commons\" width=\"68\" height=\"51\"\/><figcaption><strong>Mgr. Margareta \u0160lem\u00ednov\u00e1<\/strong><\/figcaption><\/figure><\/div>\n\n\n\n<figure class=\"wp-block-image is-resized\"><img loading=\"lazy\" src=\"https:\/\/upload.wikimedia.org\/wikipedia\/commons\/thumb\/2\/27\/Red_heart_tw.svg\/1280px-Red_heart_tw.svg.png\" alt=\"File:Red heart tw.svg - Wikimedia Commons\" width=\"82\" height=\"62\"\/><figcaption><strong>Tereza Rychta\u0159\u00edkov\u00e1<\/strong><\/figcaption><\/figure>\n\n\n\n<figure class=\"wp-block-image is-resized\"><img loading=\"lazy\" src=\"https:\/\/upload.wikimedia.org\/wikipedia\/commons\/thumb\/2\/27\/Red_heart_tw.svg\/1280px-Red_heart_tw.svg.png\" alt=\"File:Red heart tw.svg - Wikimedia Commons\" width=\"68\" height=\"52\"\/><figcaption><strong>Man\u017eel\u00e9 Epsteinovi<\/strong><\/figcaption><\/figure>\n\n\n\n<figure class=\"wp-block-image is-resized\"><img loading=\"lazy\" src=\"https:\/\/upload.wikimedia.org\/wikipedia\/commons\/thumb\/2\/27\/Red_heart_tw.svg\/1280px-Red_heart_tw.svg.png\" alt=\"File:Red heart tw.svg - Wikimedia Commons\" width=\"82\" height=\"62\"\/><figcaption><strong>Martin Silvi\u010dka<\/strong><\/figcaption><\/figure>\n\n\n\n<figure class=\"wp-block-image is-resized\"><img loading=\"lazy\" src=\"https:\/\/upload.wikimedia.org\/wikipedia\/commons\/thumb\/2\/27\/Red_heart_tw.svg\/1280px-Red_heart_tw.svg.png\" alt=\"File:Red heart tw.svg - Wikimedia Commons\" width=\"72\" height=\"55\"\/><figcaption><strong>Old\u0159ich Janu\u0161ka<\/strong><\/figcaption><\/figure>\n\n\n\n<figure class=\"wp-block-image is-resized\"><img loading=\"lazy\" src=\"https:\/\/upload.wikimedia.org\/wikipedia\/commons\/thumb\/2\/27\/Red_heart_tw.svg\/1280px-Red_heart_tw.svg.png\" alt=\"File:Red heart tw.svg - Wikimedia Commons\" width=\"67\" height=\"50\"\/><figcaption><strong>Ing. \u0160imon Mastn\u00fd<\/strong><\/figcaption><\/figure>\n<\/div>\n<\/div>\n<\/div><\/div>\n\n\n\n<p class=\"has-text-align-left has-normal-font-size\">                                                        <strong>                2021<\/strong><\/p>\n\n\n\n<p style=\"font-size:14px\">V prvn\u00edm roce zalo\u017een\u00ed bylo prost\u0159ednictv\u00edm fondu p\u0159isp\u011bno zejm\u00e9na na pomoc lidem v oblastech zasa\u017een\u00fdch ni\u010div\u00fdm torn\u00e1dem na Morav\u011b, d\u00e1le na vybaven\u00ed dom\u00e1cnosti pro handicapovan\u00e9 osoby a rehabilitace po \u00farazu soci\u00e1ln\u011b slab\u00fdm osob\u00e1m.<\/p>\n\n\n\n<figure class=\"wp-block-image size-large is-resized\"><img loading=\"lazy\" src=\"http:\/\/www.pelecanus.cz\/wp-content\/uploads\/2021\/08\/image-2.png\" alt=\"\" class=\"wp-image-204\" width=\"123\" height=\"123\" srcset=\"https:\/\/www.pelecanus.cz\/wp-content\/uploads\/2021\/08\/image-2.png 225w, https:\/\/www.pelecanus.cz\/wp-content\/uploads\/2021\/08\/image-2-150x150.png 150w, https:\/\/www.pelecanus.cz\/wp-content\/uploads\/2021\/08\/image-2-100x100.png 100w\" sizes=\"(max-width: 123px) 100vw, 123px\" \/><\/figure>\n\n\n\n<figure class=\"wp-block-image size-large\"><img loading=\"lazy\" width=\"329\" height=\"132\" src=\"https:\/\/www.pelecanus.cz\/wp-content\/uploads\/2023\/10\/okhp.png\" alt=\"\" class=\"wp-image-532\" srcset=\"https:\/\/www.pelecanus.cz\/wp-content\/uploads\/2023\/10\/okhp.png 329w, https:\/\/www.pelecanus.cz\/wp-content\/uploads\/2023\/10\/okhp-300x120.png 300w\" sizes=\"(max-width: 329px) 100vw, 329px\" \/><\/figure>\n\n\n\n<figure class=\"wp-block-image size-large is-resized\"><img loading=\"lazy\" src=\"https:\/\/www.pelecanus.cz\/wp-content\/uploads\/2023\/10\/locke-a-hobbs.jpg\" alt=\"\" class=\"wp-image-531\" width=\"217\" height=\"217\" srcset=\"https:\/\/www.pelecanus.cz\/wp-content\/uploads\/2023\/10\/locke-a-hobbs.jpg 233w, https:\/\/www.pelecanus.cz\/wp-content\/uploads\/2023\/10\/locke-a-hobbs-150x150.jpg 150w, https:\/\/www.pelecanus.cz\/wp-content\/uploads\/2023\/10\/locke-a-hobbs-100x100.jpg 100w\" sizes=\"(max-width: 217px) 100vw, 217px\" \/><\/figure>\n\n\n\n<p style=\"font-size:14px\">Ze strany fyzick\u00fdch osob bychom r\u00e1di pod\u011bkovali rodin\u011b Epsteinov\u00fdch, p. Chr\u00e1steck\u00e9mu, p. Rychta\u0159\u00edkov\u00e9, p. Z\u00e1le\u0161\u00e1kov\u00e9, p. Bauerovi, p. Slivi\u010dkovi, p. Janu\u0161kovi, p. Markov\u00e9 a p. Jan\u00edkov\u00e9<\/p>\n","protected":false},"excerpt":{"rendered":"<p>RESPEKT v\u016f\u010di v\u0161em, kte\u0159\u00ed pom\u00e1haj\u00ed a pod\u00edlej\u00ed se na zlep\u0161ov\u00e1n\u00ed kvality \u017eivota ostatn\u00edch! \u017d\u00e1dn\u00e1 pomoc nen\u00ed mal\u00e1.. 2024 Flaming Ridge, s.r.o. rodina Epstein\u016f, p. Z\u00e1le\u0161\u00e1kov\u00e1, p. Chr\u00e1steck\u00fd, p. Vole\u0161ov\u00e1, p. Hlinka, p. Ka\u0161e, p.Pr\u00e1gerov\u00e1, p. Kratochv\u00edl, p. V\u00edtek, sl. Luxov\u00e1, p. Tylov\u00e1, p. K.Matzner, p. Michal, p. Vl\u00e1\u010dil, p. Vin\u0161ov\u00e1, p. Jur\u00e1skov\u00e1, p. Oplt, p. &hellip; <\/p>\n<p class=\"link-more\"><a href=\"https:\/\/www.pelecanus.cz\/index.php\/kdo-pomaha-s-nami\/\" class=\"more-link\">Pokra\u010dovat ve \u010dten\u00ed<span class=\"screen-reader-text\"> &#8222;Kdo pom\u00e1h\u00e1 s n\u00e1mi?&#8220;<\/span><\/a><\/p>\n","protected":false},"author":3,"featured_media":0,"parent":0,"menu_order":0,"comment_status":"closed","ping_status":"closed","template":"","meta":[],"_links":{"self":[{"href":"https:\/\/www.pelecanus.cz\/index.php\/wp-json\/wp\/v2\/pages\/194"}],"collection":[{"href":"https:\/\/www.pelecanus.cz\/index.php\/wp-json\/wp\/v2\/pages"}],"about":[{"href":"https:\/\/www.pelecanus.cz\/index.php\/wp-json\/wp\/v2\/types\/page"}],"author":[{"embeddable":true,"href":"https:\/\/www.pelecanus.cz\/index.php\/wp-json\/wp\/v2\/users\/3"}],"replies":[{"embeddable":true,"href":"https:\/\/www.pelecanus.cz\/index.php\/wp-json\/wp\/v2\/comments?post=194"}],"version-history":[{"count":46,"href":"https:\/\/www.pelecanus.cz\/index.php\/wp-json\/wp\/v2\/pages\/194\/revisions"}],"predecessor-version":[{"id":601,"href":"https:\/\/www.pelecanus.cz\/index.php\/wp-json\/wp\/v2\/pages\/194\/revisions\/601"}],"wp:attachment":[{"href":"https:\/\/www.pelecanus.cz\/index.php\/wp-json\/wp\/v2\/media?parent=194"}],"curies":[{"name":"wp","href":"https:\/\/api.w.org\/{rel}","templated":true}]}}