{"id":486,"date":"2023-05-04T06:54:34","date_gmt":"2023-05-04T06:54:34","guid":{"rendered":"http:\/\/www.pelecanus.cz\/?page_id=486"},"modified":"2026-03-09T16:34:57","modified_gmt":"2026-03-09T16:34:57","slug":"vyrocni-zpravy","status":"publish","type":"page","link":"https:\/\/www.pelecanus.cz\/index.php\/vyrocni-zpravy\/","title":{"rendered":"V\u00fdro\u010dn\u00ed zpr\u00e1vy"},"content":{"rendered":"\n<div class=\"wp-block-file\"><a href=\"https:\/\/www.pelecanus.cz\/wp-content\/uploads\/2024\/04\/Vyrocni-zprava-2021.docx\"><strong>Vyrocni-zprava-2021<\/strong><\/a><a href=\"https:\/\/www.pelecanus.cz\/wp-content\/uploads\/2024\/04\/Vyrocni-zprava-2021.docx\" class=\"wp-block-file__button\" download>St\u00e1hnout<\/a><\/div>\n\n\n\n<div class=\"wp-block-file\"><a href=\"https:\/\/www.pelecanus.cz\/wp-content\/uploads\/2023\/05\/Vyrocni-zprava-2022-3.pdf\"><strong>Vyrocni-zprava-2022<\/strong><\/a><a href=\"https:\/\/www.pelecanus.cz\/wp-content\/uploads\/2023\/05\/Vyrocni-zprava-2022-3.pdf\" class=\"wp-block-file__button\" download>St\u00e1hnout<\/a><\/div>\n\n\n\n<div class=\"wp-block-file\"><a href=\"https:\/\/www.pelecanus.cz\/wp-content\/uploads\/2024\/04\/Vyrocni-zprava-2023-1.docx\"><br><strong>Vyrocni-zprava-2023<\/strong><\/a><a href=\"https:\/\/www.pelecanus.cz\/wp-content\/uploads\/2024\/04\/Vyrocni-zprava-2023-1.docx\" class=\"wp-block-file__button\" download>St\u00e1hnout<\/a><\/div>\n\n\n\n<div class=\"wp-block-file\"><a href=\"https:\/\/www.pelecanus.cz\/wp-content\/uploads\/2025\/01\/Vyrocni-zprava-2024.docx\"><strong>Vyrocni-zprava-2024<\/strong><\/a><a href=\"https:\/\/www.pelecanus.cz\/wp-content\/uploads\/2025\/01\/Vyrocni-zprava-2024.docx\" class=\"wp-block-file__button\" download>St\u00e1hnout<\/a><\/div>\n\n\n\n<p><strong>Vyrocni-zprava-2025<\/strong><\/p>\n\n\n\n<p><a href=\"http:\/\/www.pelecanus.cz\/wp-content\/uploads\/2026\/03\/Vyrocni-zprava-2025-4.docx\">http:\/\/www.pelecanus.cz\/wp-content\/uploads\/2026\/03\/Vyrocni-zprava-2025-4.docx<\/a><\/p>\n\n\n\n<p><\/p>\n","protected":false},"excerpt":{"rendered":"<p>Vyrocni-zprava-2025 http:\/\/www.pelecanus.cz\/wp-content\/uploads\/2026\/03\/Vyrocni-zprava-2025-4.docx<\/p>\n","protected":false},"author":3,"featured_media":0,"parent":0,"menu_order":0,"comment_status":"closed","ping_status":"closed","template":"","meta":[],"_links":{"self":[{"href":"https:\/\/www.pelecanus.cz\/index.php\/wp-json\/wp\/v2\/pages\/486"}],"collection":[{"href":"https:\/\/www.pelecanus.cz\/index.php\/wp-json\/wp\/v2\/pages"}],"about":[{"href":"https:\/\/www.pelecanus.cz\/index.php\/wp-json\/wp\/v2\/types\/page"}],"author":[{"embeddable":true,"href":"https:\/\/www.pelecanus.cz\/index.php\/wp-json\/wp\/v2\/users\/3"}],"replies":[{"embeddable":true,"href":"https:\/\/www.pelecanus.cz\/index.php\/wp-json\/wp\/v2\/comments?post=486"}],"version-history":[{"count":9,"href":"https:\/\/www.pelecanus.cz\/index.php\/wp-json\/wp\/v2\/pages\/486\/revisions"}],"predecessor-version":[{"id":622,"href":"https:\/\/www.pelecanus.cz\/index.php\/wp-json\/wp\/v2\/pages\/486\/revisions\/622"}],"wp:attachment":[{"href":"https:\/\/www.pelecanus.cz\/index.php\/wp-json\/wp\/v2\/media?parent=486"}],"curies":[{"name":"wp","href":"https:\/\/api.w.org\/{rel}","templated":true}]}}