{"id":65,"date":"2021-08-19T13:11:42","date_gmt":"2021-08-19T13:11:42","guid":{"rendered":"http:\/\/www.pelecanus.cz\/?page_id=65"},"modified":"2022-02-28T10:08:32","modified_gmt":"2022-02-28T10:08:32","slug":"home","status":"publish","type":"page","link":"https:\/\/www.pelecanus.cz\/","title":{"rendered":"Home"},"content":{"rendered":"\n<div class=\"wp-block-media-text alignwide is-stacked-on-mobile is-vertically-aligned-center\" style=\"grid-template-columns:22% auto\"><figure class=\"wp-block-media-text__media\"><img loading=\"lazy\" width=\"1024\" height=\"1024\" src=\"http:\/\/www.pelecanus.cz\/wp-content\/uploads\/2021\/08\/pelecanus-logo-1024x1024.jpg\" alt=\"\" class=\"wp-image-105\"\/><\/figure><div class=\"wp-block-media-text__content\">\n<p style=\"font-size:15px\"><strong>V\u0161e, co vybereme, do koruny p\u0159ed\u00e1me pot\u0159ebn\u00fdm!<\/strong><\/p>\n<\/div><\/div>\n\n\n\n<div class=\"wp-block-media-text alignwide is-stacked-on-mobile is-vertically-aligned-center\" style=\"grid-template-columns:22% auto\"><figure class=\"wp-block-media-text__media\"><img loading=\"lazy\" width=\"1024\" height=\"1024\" src=\"http:\/\/www.pelecanus.cz\/wp-content\/uploads\/2021\/08\/pelecanus-logo-1024x1024.jpg\" alt=\"\" class=\"wp-image-105\"\/><\/figure><div class=\"wp-block-media-text__content\">\n<p style=\"font-size:15px\"><strong>\u0158\u00edd\u00edme se principy:<\/strong><\/p>\n\n\n\n<p style=\"line-height:1.2;font-size:15px\"><strong>SOLIDARITA<\/strong><\/p>\n\n\n\n<p style=\"line-height:1.2;font-size:15px\"><strong>ODPOV\u011aDNOST<\/strong><\/p>\n\n\n\n<p style=\"line-height:1.2;font-size:15px\"><strong>SOUN\u00c1LE\u017dITOST<\/strong><\/p>\n\n\n\n<p style=\"line-height:1.2;font-size:15px\"><strong>FILANTROPIE<\/strong><\/p>\n\n\n\n<p style=\"line-height:1.2;font-size:15px\"><strong>OCHRANA<\/strong><\/p>\n\n\n\n<p style=\"line-height:1.2;font-size:15px\"><strong>MOR\u00c1LNOST<\/strong><\/p>\n<\/div><\/div>\n","protected":false},"excerpt":{"rendered":"<p>V\u0161e, co vybereme, do koruny p\u0159ed\u00e1me pot\u0159ebn\u00fdm! \u0158\u00edd\u00edme se principy: SOLIDARITA ODPOV\u011aDNOST SOUN\u00c1LE\u017dITOST FILANTROPIE OCHRANA MOR\u00c1LNOST<\/p>\n","protected":false},"author":2,"featured_media":0,"parent":0,"menu_order":0,"comment_status":"closed","ping_status":"closed","template":"","meta":[],"_links":{"self":[{"href":"https:\/\/www.pelecanus.cz\/index.php\/wp-json\/wp\/v2\/pages\/65"}],"collection":[{"href":"https:\/\/www.pelecanus.cz\/index.php\/wp-json\/wp\/v2\/pages"}],"about":[{"href":"https:\/\/www.pelecanus.cz\/index.php\/wp-json\/wp\/v2\/types\/page"}],"author":[{"embeddable":true,"href":"https:\/\/www.pelecanus.cz\/index.php\/wp-json\/wp\/v2\/users\/2"}],"replies":[{"embeddable":true,"href":"https:\/\/www.pelecanus.cz\/index.php\/wp-json\/wp\/v2\/comments?post=65"}],"version-history":[{"count":8,"href":"https:\/\/www.pelecanus.cz\/index.php\/wp-json\/wp\/v2\/pages\/65\/revisions"}],"predecessor-version":[{"id":416,"href":"https:\/\/www.pelecanus.cz\/index.php\/wp-json\/wp\/v2\/pages\/65\/revisions\/416"}],"wp:attachment":[{"href":"https:\/\/www.pelecanus.cz\/index.php\/wp-json\/wp\/v2\/media?parent=65"}],"curies":[{"name":"wp","href":"https:\/\/api.w.org\/{rel}","templated":true}]}}